{"id":643,"date":"2022-05-04T04:20:40","date_gmt":"2022-05-04T03:20:40","guid":{"rendered":"https:\/\/danpoort.beeldvoerders.review\/?page_id=643"},"modified":"2026-02-18T12:13:56","modified_gmt":"2026-02-18T11:13:56","slug":"careers","status":"publish","type":"page","link":"https:\/\/www.danpoort.com\/fr\/carrieres\/","title":{"rendered":"Carri\u00e8res"},"content":{"rendered":"<section id=\"section-1-42\" class=\"ct-section content-container\" ><div class=\"ct-section-inner-wrap\"><div id=\"_rich_text-2-42\" class=\"oxy-rich-text c-text-dark\" ><h2 style=\"text-align: center;\"><span style=\"font-size: 14pt;\"><em><strong>Pon\u00e7age, meulage et polissage, c\u2019est \u00e7a Danpoort.<\/strong><\/em><\/span><\/h2>\n<div style=\"text-align: center;\">&nbsp;<\/div>\n<div style=\"text-align: center;\">Danpoort est une entreprise familiale avec une longue histoire, fond\u00e9e en 1932. L\u2019entreprise a connu une croissance significative au cours des 90 derni\u00e8res ann\u00e9es et continue de se d\u00e9velopper. Cette croissance offre de nombreuses opportunit\u00e9s de d\u00e9veloppement personnel, avec une grande place accord\u00e9e aux contributions et id\u00e9es individuelles.<\/div>\n<div style=\"text-align: center;\">&nbsp;<\/div>\n<div style=\"text-align: center;\">&nbsp;L\u2019atmosph\u00e8re chez Danpoort est d\u00e9tendue, informelle et conviviale. Cela signifie qu\u2019il y a beaucoup de libert\u00e9 pour l\u2019autonomie et les contributions personnelles, et que les initiatives visant \u00e0 optimiser les processus sont particuli\u00e8rement appr\u00e9ci\u00e9es.<\/div>\n<div style=\"text-align: center;\">&nbsp;<\/div>\n<div style=\"text-align: center;\">La direction est compos\u00e9e de deux fr\u00e8res qui ont une passion immense pour leurs produits. Ensemble, ils veillent \u00e0 ce que Danpoort soit et reste sain dans tous les domaines de l\u2019entreprise.&nbsp;<\/div>\n<div style=\"text-align: center;\">&nbsp;<\/div>\n<div style=\"text-align: center;\">&nbsp;Enfin, Danpoort accorde de l\u2019importance \u00e0 trois points cl\u00e9s : la qualit\u00e9, le service et la fiabilit\u00e9. En gardant ces points \u00e0 l\u2019esprit, Danpoort se positionne comme un partenaire loyal avec lequel il fait bon travailler.<\/div>\n<div style=\"text-align: center;\">&nbsp;<\/div>\n<div style=\"text-align: center;\">&nbsp;Voulez-vous faire partie d\u2019une entreprise familiale de haute qualit\u00e9 et loyale, avec une atmosph\u00e8re d\u00e9tendue et informelle ? Alors Danpoort offre de nombreuses opportunit\u00e9s pour vous, peut-\u00eatre m\u00eame le poste que vous recherchez.<\/div><\/div><\/div><\/section>","protected":false},"excerpt":{"rendered":"","protected":false},"author":1,"featured_media":0,"parent":0,"menu_order":0,"comment_status":"closed","ping_status":"closed","template":"","meta":{"_acf_changed":false,"_editorskit_title_hidden":false,"_editorskit_reading_time":0,"_editorskit_is_block_options_detached":false,"_editorskit_block_options_position":"{}","inline_featured_image":false,"footnotes":""},"class_list":["post-643","page","type-page","status-publish","hentry"],"acf":[],"_links":{"self":[{"href":"https:\/\/www.danpoort.com\/fr\/wp-json\/wp\/v2\/pages\/643","targetHints":{"allow":["GET"]}}],"collection":[{"href":"https:\/\/www.danpoort.com\/fr\/wp-json\/wp\/v2\/pages"}],"about":[{"href":"https:\/\/www.danpoort.com\/fr\/wp-json\/wp\/v2\/types\/page"}],"author":[{"embeddable":true,"href":"https:\/\/www.danpoort.com\/fr\/wp-json\/wp\/v2\/users\/1"}],"replies":[{"embeddable":true,"href":"https:\/\/www.danpoort.com\/fr\/wp-json\/wp\/v2\/comments?post=643"}],"version-history":[{"count":17,"href":"https:\/\/www.danpoort.com\/fr\/wp-json\/wp\/v2\/pages\/643\/revisions"}],"predecessor-version":[{"id":1429,"href":"https:\/\/www.danpoort.com\/fr\/wp-json\/wp\/v2\/pages\/643\/revisions\/1429"}],"wp:attachment":[{"href":"https:\/\/www.danpoort.com\/fr\/wp-json\/wp\/v2\/media?parent=643"}],"curies":[{"name":"wp","href":"https:\/\/api.w.org\/{rel}","templated":true}]}}