{"id":24,"date":"2021-11-15T08:01:49","date_gmt":"2021-11-15T07:01:49","guid":{"rendered":"http:\/\/danpoort.beeldvoerders.review\/?page_id=24"},"modified":"2026-02-18T10:56:07","modified_gmt":"2026-02-18T09:56:07","slug":"about-us","status":"publish","type":"page","link":"https:\/\/www.danpoort.com\/fr\/nos-valeurs\/","title":{"rendered":"\u00c0 propos"},"content":{"rendered":"<section id=\"section-1-42\" class=\"ct-section content-container\" ><div class=\"ct-section-inner-wrap\"><div id=\"_rich_text-2-42\" class=\"oxy-rich-text c-text-dark\" ><p><span style=\"font-family: verdana, geneva, sans-serif;\">That is Danpoort Abrasives &amp; Tapes. Past, present and future. We want to show you our passion. Why are we fascinated by abrasives? What do we find captivating and enthralling? Why do we, Danpoort, feel justified in claiming that we are unique in our dedication to sanding, grinding and polishing materials and the different applications for which these materials are used? We reveal the answers on this website about our company and our products. We want to tell you the story of our passion, our employees and our organisation. We also want to tell you about our tailor-made products, innovations, service-quality, and our solid dependability as a partner. Welcome to <a href=\"..\/en\/about-us\">Danpoort Abrasives &amp; Tapes.<\/a><\/span><\/p>\n<p>&nbsp;<\/p>\n<h3>Nos valeurs<\/h3>\n<p>Le service client est l'une de nos priorit\u00e9s principales. Chez Danpoort, tout tourne autour du client. Danpoort est une organisation horizontale avec des lignes de communication courtes. Nous nous effor\u00e7ons de r\u00e9pondre imm\u00e9diatement aux questions ou aux demandes . De plus, les informations requises sont facilement accessibles et tra\u00e7ables dans notre syst\u00e8me CRM. Chaque client se voit attribuer un contact d\u00e9di\u00e9 pour un maximum de commodit\u00e9.<\/p>\n<p>&nbsp;<\/p>\n<h3>Notre h\u00e9ritage&nbsp;<\/h3>\n<p>M. Dani\u00ebl van der Poort a fond\u00e9 Danpoort en 1932. Au fil du temps, l\u2019entreprise, bas\u00e9e \u00e0 Rotterdam, a consid\u00e9rablement grandi pour devenir un fournisseur industriel majeur de mat\u00e9riaux de pon\u00e7age, de meulage et de polissage. Le site de l'entreprise a \u00e9t\u00e9 gravement endommag\u00e9 pendant la Seconde Guerre mondiale. Cependant, Danpoort s'est r\u00e9tabli avec force sur le march\u00e9 apr\u00e8s la p\u00e9riode de reconstruction d'apr\u00e8s-guerre. En 1984, l'entreprise a d\u00e9m\u00e9nag\u00e9 de Rotterdam \u00e0 Zwijndrecht, o\u00f9 elle est toujours situ\u00e9e aujourd\u2019hui.<\/p>\n<p>&nbsp;<\/p>\n<h3>Notre site de production<\/h3>\n<p>Chez Danpoort, nous souhaitons garder un contr\u00f4le total sur tous les processus op\u00e9rationnels au sein de l\u2019entreprise. Nous surveillons en permanence les mati\u00e8res premi\u00e8res, les commandes, la production, les finances, l\u2019utilisation du personnel et de la capacit\u00e9 des machines, la qualit\u00e9 et nos d\u00e9lais de livraison. Nous analysons r\u00e9guli\u00e8rement nos processus internes et nos performances. Cela nous permet de garder un contr\u00f4le total sur notre organisation.<\/p>\n<p>Et de vous garantir, \u00e0 vous, notre client, une fiabilit\u00e9 optimale.<\/p><\/div><\/div><\/section>","protected":false},"excerpt":{"rendered":"","protected":false},"author":1,"featured_media":471,"parent":0,"menu_order":11,"comment_status":"closed","ping_status":"closed","template":"","meta":{"_acf_changed":false,"_editorskit_title_hidden":false,"_editorskit_reading_time":0,"_editorskit_is_block_options_detached":false,"_editorskit_block_options_position":"{}","inline_featured_image":false,"footnotes":""},"class_list":["post-24","page","type-page","status-publish","has-post-thumbnail","hentry"],"acf":[],"_links":{"self":[{"href":"https:\/\/www.danpoort.com\/fr\/wp-json\/wp\/v2\/pages\/24","targetHints":{"allow":["GET"]}}],"collection":[{"href":"https:\/\/www.danpoort.com\/fr\/wp-json\/wp\/v2\/pages"}],"about":[{"href":"https:\/\/www.danpoort.com\/fr\/wp-json\/wp\/v2\/types\/page"}],"author":[{"embeddable":true,"href":"https:\/\/www.danpoort.com\/fr\/wp-json\/wp\/v2\/users\/1"}],"replies":[{"embeddable":true,"href":"https:\/\/www.danpoort.com\/fr\/wp-json\/wp\/v2\/comments?post=24"}],"version-history":[{"count":28,"href":"https:\/\/www.danpoort.com\/fr\/wp-json\/wp\/v2\/pages\/24\/revisions"}],"predecessor-version":[{"id":2088,"href":"https:\/\/www.danpoort.com\/fr\/wp-json\/wp\/v2\/pages\/24\/revisions\/2088"}],"wp:featuredmedia":[{"embeddable":true,"href":"https:\/\/www.danpoort.com\/fr\/wp-json\/wp\/v2\/media\/471"}],"wp:attachment":[{"href":"https:\/\/www.danpoort.com\/fr\/wp-json\/wp\/v2\/media?parent=24"}],"curies":[{"name":"wp","href":"https:\/\/api.w.org\/{rel}","templated":true}]}}