{"id":182,"date":"2022-02-07T13:34:30","date_gmt":"2022-02-07T12:34:30","guid":{"rendered":"https:\/\/danpoort.beeldvoerders.review\/?page_id=182"},"modified":"2026-02-18T12:19:57","modified_gmt":"2026-02-18T11:19:57","slug":"abrasive-discs-2","status":"publish","type":"page","link":"https:\/\/www.danpoort.com\/fr\/disques-abrasifs-2\/","title":{"rendered":"Disques abrasifs"},"content":{"rendered":"<div id=\"div_block-94-74\" class=\"ct-div-block\" ><h2 id=\"headline-30-74\" class=\"ct-headline c-h2 c-heading-dark c-margin-bottom-m\"><span style=\"font-weight: normal;\">Nos produits&nbsp;<\/span><div>Disques abrasifs<br><\/div><\/h2><div id=\"text_block-31-74\" class=\"ct-text-block c-text-m c-text-dark c-margin-bottom-m\" >Danpoort propose une large vari\u00e9t\u00e9 de disques de pon\u00e7age pour le pon\u00e7age \u00e0 sec de nombreuses surfaces o\u00f9 la qualit\u00e9 de finition est primordiale. Le choix du type de support et de fixation d\u00e9termine g\u00e9n\u00e9ralement le produit le mieux adapt\u00e9. Nous offrons un large portefeuille de diff\u00e9rentes marques, incluant 3M\u2122, VSM, Norton, Hermes, Starcke et Klingspor.<\/div><\/div>","protected":false},"excerpt":{"rendered":"","protected":false},"author":1,"featured_media":477,"parent":0,"menu_order":4,"comment_status":"closed","ping_status":"closed","template":"","meta":{"_acf_changed":false,"_editorskit_title_hidden":false,"_editorskit_reading_time":1,"_editorskit_is_block_options_detached":false,"_editorskit_block_options_position":"{}","inline_featured_image":false,"footnotes":""},"class_list":["post-182","page","type-page","status-publish","has-post-thumbnail","hentry"],"acf":[],"_links":{"self":[{"href":"https:\/\/www.danpoort.com\/fr\/wp-json\/wp\/v2\/pages\/182","targetHints":{"allow":["GET"]}}],"collection":[{"href":"https:\/\/www.danpoort.com\/fr\/wp-json\/wp\/v2\/pages"}],"about":[{"href":"https:\/\/www.danpoort.com\/fr\/wp-json\/wp\/v2\/types\/page"}],"author":[{"embeddable":true,"href":"https:\/\/www.danpoort.com\/fr\/wp-json\/wp\/v2\/users\/1"}],"replies":[{"embeddable":true,"href":"https:\/\/www.danpoort.com\/fr\/wp-json\/wp\/v2\/comments?post=182"}],"version-history":[{"count":13,"href":"https:\/\/www.danpoort.com\/fr\/wp-json\/wp\/v2\/pages\/182\/revisions"}],"predecessor-version":[{"id":2096,"href":"https:\/\/www.danpoort.com\/fr\/wp-json\/wp\/v2\/pages\/182\/revisions\/2096"}],"wp:featuredmedia":[{"embeddable":true,"href":"https:\/\/www.danpoort.com\/fr\/wp-json\/wp\/v2\/media\/477"}],"wp:attachment":[{"href":"https:\/\/www.danpoort.com\/fr\/wp-json\/wp\/v2\/media?parent=182"}],"curies":[{"name":"wp","href":"https:\/\/api.w.org\/{rel}","templated":true}]}}