{"id":1818,"date":"2024-05-23T09:58:04","date_gmt":"2024-05-23T08:58:04","guid":{"rendered":"https:\/\/www.danpoort.com\/?page_id=1818"},"modified":"2026-04-16T08:10:18","modified_gmt":"2026-04-16T07:10:18","slug":"tapes","status":"publish","type":"page","link":"https:\/\/www.danpoort.com\/fr\/tapes\/","title":{"rendered":"Rubans adh\u00e9sifs"},"content":{"rendered":"<div id=\"div_block-94-74\" class=\"ct-div-block\" ><h2 id=\"headline-30-74\" class=\"ct-headline c-h2 c-heading-dark c-margin-bottom-m\"><span style=\"font-weight: normal;\">Nos produits<\/span><div>Rubans adh\u00e9sifs<span style=\"font-weight: normal;\"><br><\/span><\/div><\/h2><div id=\"text_block-31-74\" class=\"ct-text-block c-text-m c-text-dark c-margin-bottom-m\" ><div><br><\/div>Avec une client\u00e8le r\u00e9partie dans le monde entier, nous constatons une demande vari\u00e9e en produits de haute qualit\u00e9 selon les march\u00e9s.\nSur cette page, vous trouverez nos rubans adh\u00e9sifs actuellement largement utilis\u00e9s sur les march\u00e9s internationaux par nos clients industriels.<div><br><\/div><\/div><\/div>","protected":false},"excerpt":{"rendered":"","protected":false},"author":6,"featured_media":2104,"parent":0,"menu_order":6,"comment_status":"closed","ping_status":"closed","template":"","meta":{"_acf_changed":false,"_editorskit_title_hidden":false,"_editorskit_reading_time":0,"_editorskit_is_block_options_detached":false,"_editorskit_block_options_position":"{}","inline_featured_image":false,"footnotes":""},"class_list":["post-1818","page","type-page","status-publish","has-post-thumbnail","hentry"],"acf":[],"_links":{"self":[{"href":"https:\/\/www.danpoort.com\/fr\/wp-json\/wp\/v2\/pages\/1818","targetHints":{"allow":["GET"]}}],"collection":[{"href":"https:\/\/www.danpoort.com\/fr\/wp-json\/wp\/v2\/pages"}],"about":[{"href":"https:\/\/www.danpoort.com\/fr\/wp-json\/wp\/v2\/types\/page"}],"author":[{"embeddable":true,"href":"https:\/\/www.danpoort.com\/fr\/wp-json\/wp\/v2\/users\/6"}],"replies":[{"embeddable":true,"href":"https:\/\/www.danpoort.com\/fr\/wp-json\/wp\/v2\/comments?post=1818"}],"version-history":[{"count":5,"href":"https:\/\/www.danpoort.com\/fr\/wp-json\/wp\/v2\/pages\/1818\/revisions"}],"predecessor-version":[{"id":1950,"href":"https:\/\/www.danpoort.com\/fr\/wp-json\/wp\/v2\/pages\/1818\/revisions\/1950"}],"wp:featuredmedia":[{"embeddable":true,"href":"https:\/\/www.danpoort.com\/fr\/wp-json\/wp\/v2\/media\/2104"}],"wp:attachment":[{"href":"https:\/\/www.danpoort.com\/fr\/wp-json\/wp\/v2\/media?parent=1818"}],"curies":[{"name":"wp","href":"https:\/\/api.w.org\/{rel}","templated":true}]}}