{"id":9,"date":"2021-11-11T13:53:06","date_gmt":"2021-11-11T12:53:06","guid":{"rendered":"http:\/\/danpoort.beeldvoerders.review\/?page_id=9"},"modified":"2026-03-06T15:08:35","modified_gmt":"2026-03-06T14:08:35","slug":"home","status":"publish","type":"page","link":"https:\/\/www.danpoort.com\/de\/","title":{"rendered":"Danpoort Abrasives &amp; Tapes"},"content":{"rendered":"<p><\/p>\n\n\n\n<p><\/p>\n\n\n<section id=\"section-1-83\" class=\"ct-section c-bg-light\" ><div class=\"ct-section-inner-wrap\"><div id=\"div_block-2-83\" class=\"ct-div-block c-columns-3 c-columns-m-1 c-columns-gap-l\" ><div id=\"div_block-3-83\" class=\"ct-div-block c-card-on-hover c-transition c-padding-l c-center\" ><img decoding=\"async\"  id=\"image-4-83\" alt=\"sustainability\" data-src=\"https:\/\/www.danpoort.com\/wp-content\/uploads\/2022\/04\/Drone-foto-scaled.jpg\" class=\"ct-image c-column-2-img lazyload\" src=\"data:image\/svg+xml;base64,PHN2ZyB3aWR0aD0iMSIgaGVpZ2h0PSIxIiB4bWxucz0iaHR0cDovL3d3dy53My5vcmcvMjAwMC9zdmciPjwvc3ZnPg==\" style=\"--smush-placeholder-width: 2560px; --smush-placeholder-aspect-ratio: 2560\/1920;\" \/><h4 id=\"headline-5-83\" class=\"ct-headline c-h4 c-margin-bottom-s c-heading-dark\">Nachhaltigkeit<\/h4><div id=\"text_block-6-83\" class=\"ct-text-block c-text-m c-margin-bottom-m c-text-dark\" >Danpoort Abrasives &amp; Tapes is committed to making its processes and products more sustainable and invests in lasting relationships with its partners and clients. <br><\/div><a id=\"link_text-24-83\" class=\"ct-link-text c-link-m c-transition c-link-bold\" href=\"https:\/\/www.danpoort.com\/de\/nachhaltigkeit\/\" target=\"_self\"  >Mehr erfahren<\/a><\/div><div id=\"div_block-10-83\" class=\"ct-div-block c-card-on-hover c-transition c-padding-l c-center\" ><img decoding=\"async\"  id=\"image-11-83\" alt=\"Danpoort International Abrasives 90 year anniversary\" data-src=\"https:\/\/www.danpoort.com\/wp-content\/uploads\/2022\/05\/danpoort_90years_logo_square_green_cmyk_e1_v1_16-05-2022.png\" class=\"ct-image c-column-2-img lazyload\" src=\"data:image\/svg+xml;base64,PHN2ZyB3aWR0aD0iMSIgaGVpZ2h0PSIxIiB4bWxucz0iaHR0cDovL3d3dy53My5vcmcvMjAwMC9zdmciPjwvc3ZnPg==\" style=\"--smush-placeholder-width: 3545px; --smush-placeholder-aspect-ratio: 3545\/2953;\" \/><h4 id=\"headline-12-83\" class=\"ct-headline c-h4 c-margin-bottom-s c-heading-dark\">90 Jahre Hersteller von Schleifmitteln<\/h4><div id=\"text_block-13-83\" class=\"ct-text-block c-text-m c-margin-bottom-m c-text-dark\" >Wir sind stolz darauf, im Jahr 2022 unser 90-j\u00e4hriges Jubil\u00e4um zu feiern.\u00a0Als Familienunternehmen sind wir bereit f\u00fcr die Zukunft, indem wir in Nachhaltigkeit, Prozessoptimierung und weitere kundenorientierte Ausrichtung in unserem gesamten Unternehmen investieren.&nbsp;<br><\/div><a id=\"link-14-83\" class=\"ct-link c-link-m c-transition\" href=\"https:\/\/www.danpoort.com\/de\/90-jaehriges-jubilaeum\/\"   ><div id=\"text_block-15-83\" class=\"ct-text-block c-margin-right-m c-link-bold\" >Mehr erfahren<\/div><div id=\"fancy_icon-16-83\" class=\"ct-fancy-icon c-icon-accent-m\" ><svg id=\"svg-fancy_icon-16-83\"><use xlink:href=\"#OxyNinjaCoreicon-Arrow-1-Right\"><\/use><\/svg><\/div><\/a><\/div><div id=\"div_block-17-83\" class=\"ct-div-block c-card-on-hover c-transition c-padding-l c-center\" ><img decoding=\"async\"  id=\"image-18-83\" alt=\"Robotertechnik\" data-src=\"https:\/\/www.danpoort.com\/wp-content\/uploads\/2022\/04\/can-grinding-really-be-automated-1570132340.jpg\" class=\"ct-image c-column-2-img lazyload\" src=\"data:image\/svg+xml;base64,PHN2ZyB3aWR0aD0iMSIgaGVpZ2h0PSIxIiB4bWxucz0iaHR0cDovL3d3dy53My5vcmcvMjAwMC9zdmciPjwvc3ZnPg==\" style=\"--smush-placeholder-width: 800px; --smush-placeholder-aspect-ratio: 800\/529;\" \/><h4 id=\"headline-19-83\" class=\"ct-headline c-h4 c-margin-bottom-s c-heading-dark\">Der Einfluss von Roboteranwendungen<\/h4><div id=\"text_block-20-83\" class=\"ct-text-block c-text-m c-margin-bottom-m c-text-dark\" >Zusammen mit unserem Partner Suhner entwickeln wir robotergest\u00fctzte Abtragsl\u00f6sungen, Endeffektoren, Schleifmittel und Zubeh\u00f6r.<br><\/div><a id=\"link-21-83\" class=\"ct-link c-link-m c-transition\" href=\"https:\/\/www.danpoort.com\/de\/topics\/robotisierung\/\"   ><div id=\"text_block-22-83\" class=\"ct-text-block c-margin-right-m c-link-bold\" >Mehr erfahren<\/div><div id=\"fancy_icon-23-83\" class=\"ct-fancy-icon c-icon-accent-m\" ><svg id=\"svg-fancy_icon-23-83\"><use xlink:href=\"#OxyNinjaCoreicon-Arrow-1-Right\"><\/use><\/svg><\/div><\/a><\/div><\/div><\/div><\/section>\n\n<section id=\"section-1-44\" class=\"ct-section main-container\" ><div class=\"ct-section-inner-wrap\"><div id=\"new_columns-2-44\" class=\"ct-new-columns columns\" ><div id=\"div_block-3-44\" class=\"ct-div-block\" ><div id=\"_rich_text-5-44\" class=\"oxy-rich-text c-text-dark\" ><p class=\"MsoNormal\" style=\"text-align: justify;\">Danpoort Abrasives &amp; Tapes is a successfull manufacturer and supplier of abrasives, grinding and polishing materials. In recent years, this family business has developed into a renowned international player in the aircraft industry, automotive and medical sectors. But they have also established their name in retail. Danpoort now supplies in 40 countries and is characterized by expertise, delivery reliability, quality and flexibility.<\/p>\n<p>&nbsp;<\/p><\/div><\/div><div id=\"div_block-4-44\" class=\"ct-div-block\" ><aside id=\"div_block-6-44\" class=\"ct-div-block sidebar\" ><div id=\"div_block-11-44\" class=\"ct-div-block sidebar-content\" ><h4 id=\"headline-9-44\" class=\"ct-headline c-margin-bottom-s\">More about Danpoort Abrasives &amp; Tapes?<br><\/h4><div id=\"text_block-15-44\" class=\"ct-text-block\" >Fragen Sie unsere Spezialisten<br><\/div><\/div><\/aside><\/div><\/div><\/div><\/section>","protected":false},"excerpt":{"rendered":"","protected":false},"author":1,"featured_media":1234,"parent":0,"menu_order":2,"comment_status":"closed","ping_status":"closed","template":"","meta":{"_acf_changed":false,"_editorskit_title_hidden":false,"_editorskit_reading_time":1,"_editorskit_is_block_options_detached":false,"_editorskit_block_options_position":"{}","inline_featured_image":false,"footnotes":""},"class_list":["post-9","page","type-page","status-publish","has-post-thumbnail","hentry"],"acf":[],"_links":{"self":[{"href":"https:\/\/www.danpoort.com\/de\/wp-json\/wp\/v2\/pages\/9","targetHints":{"allow":["GET"]}}],"collection":[{"href":"https:\/\/www.danpoort.com\/de\/wp-json\/wp\/v2\/pages"}],"about":[{"href":"https:\/\/www.danpoort.com\/de\/wp-json\/wp\/v2\/types\/page"}],"author":[{"embeddable":true,"href":"https:\/\/www.danpoort.com\/de\/wp-json\/wp\/v2\/users\/1"}],"replies":[{"embeddable":true,"href":"https:\/\/www.danpoort.com\/de\/wp-json\/wp\/v2\/comments?post=9"}],"version-history":[{"count":45,"href":"https:\/\/www.danpoort.com\/de\/wp-json\/wp\/v2\/pages\/9\/revisions"}],"predecessor-version":[{"id":2100,"href":"https:\/\/www.danpoort.com\/de\/wp-json\/wp\/v2\/pages\/9\/revisions\/2100"}],"wp:featuredmedia":[{"embeddable":true,"href":"https:\/\/www.danpoort.com\/de\/wp-json\/wp\/v2\/media\/1234"}],"wp:attachment":[{"href":"https:\/\/www.danpoort.com\/de\/wp-json\/wp\/v2\/media?parent=9"}],"curies":[{"name":"wp","href":"https:\/\/api.w.org\/{rel}","templated":true}]}}