{"id":643,"date":"2022-05-04T04:20:40","date_gmt":"2022-05-04T03:20:40","guid":{"rendered":"https:\/\/danpoort.beeldvoerders.review\/?page_id=643"},"modified":"2026-02-18T12:13:56","modified_gmt":"2026-02-18T11:13:56","slug":"careers","status":"publish","type":"page","link":"https:\/\/www.danpoort.com\/de\/karrieren\/","title":{"rendered":"Karrieren"},"content":{"rendered":"<section id=\"section-1-42\" class=\"ct-section content-container\" ><div class=\"ct-section-inner-wrap\"><div id=\"_rich_text-2-42\" class=\"oxy-rich-text c-text-dark\" ><h2 style=\"text-align: center;\"><span style=\"font-size: 14pt;\"><em><strong>\"Schmirgeln, schleifen, polieren, das ist Danpoort\"<\/strong><\/em><\/span><\/h2>\n<div style=\"text-align: center;\">&nbsp;<\/div>\n<div style=\"text-align: center;\">Danpoort ist ein Familienunternehmen mit einer langen Geschichte und besteht seit 1932. Das Unternehmen ist in den letzten 90 Jahren stark gewachsen und w\u00e4chst weiter. Dieses Wachstum bietet M\u00f6glichkeiten zur pers\u00f6nlichen Entwicklung mit viel Raum f\u00fcr individuelle Beitr\u00e4ge und Ideen.<\/div>\n<div style=\"text-align: center;\">&nbsp;<\/div>\n<div style=\"text-align: center;\">&nbsp;Die Atmosph\u00e4re bei Danpoort ist entspannt, informell und sozial. Das bedeutet, dass es viel Freiraum f\u00fcr Eigenst\u00e4ndigkeit und pers\u00f6nlichen Einsatz gibt und dass es gesch\u00e4tzt wird, wenn man z.B. bei der Optimierung von Prozessen mitdenkt.<\/div>\n<div style=\"text-align: center;\">&nbsp;<\/div>\n<div style=\"text-align: center;\">Die Gesch\u00e4ftsleitung besteht aus zwei Br\u00fcdern, die eine gro\u00dfe Leidenschaft f\u00fcr ihre Produkte haben. Gemeinsam sorgen sie daf\u00fcr, dass Danpoort in allen Gesch\u00e4ftsbereichen gesund ist und bleibt.&nbsp;<\/div>\n<div style=\"text-align: center;\">&nbsp;<\/div>\n<div style=\"text-align: center;\">&nbsp;Schlie\u00dflich legt Danpoort Wert auf drei wichtige Punkte: Qualit\u00e4t, Service und Zuverl\u00e4ssigkeit. Indem Danpoort diese Kernpunkte beachtet, profiliert sich das Unternehmen als loyaler Partner, mit dem man zusammenarbeiten kann.<\/div>\n<div style=\"text-align: center;\">&nbsp;<\/div>\n<div style=\"text-align: center;\">&nbsp;M\u00f6chten Sie Teil eines qualitativ hochwertigen und loyalen Familienunternehmens mit einer entspannten und informellen Atmosph\u00e4re sein? Dann hat Danpoort viele M\u00f6glichkeiten f\u00fcr Sie und vielleicht den Job, den Sie schon immer gesucht haben.<\/div><\/div><\/div><\/section>","protected":false},"excerpt":{"rendered":"","protected":false},"author":1,"featured_media":0,"parent":0,"menu_order":0,"comment_status":"closed","ping_status":"closed","template":"","meta":{"_acf_changed":false,"_editorskit_title_hidden":false,"_editorskit_reading_time":0,"_editorskit_is_block_options_detached":false,"_editorskit_block_options_position":"{}","inline_featured_image":false,"footnotes":""},"class_list":["post-643","page","type-page","status-publish","hentry"],"acf":[],"_links":{"self":[{"href":"https:\/\/www.danpoort.com\/de\/wp-json\/wp\/v2\/pages\/643","targetHints":{"allow":["GET"]}}],"collection":[{"href":"https:\/\/www.danpoort.com\/de\/wp-json\/wp\/v2\/pages"}],"about":[{"href":"https:\/\/www.danpoort.com\/de\/wp-json\/wp\/v2\/types\/page"}],"author":[{"embeddable":true,"href":"https:\/\/www.danpoort.com\/de\/wp-json\/wp\/v2\/users\/1"}],"replies":[{"embeddable":true,"href":"https:\/\/www.danpoort.com\/de\/wp-json\/wp\/v2\/comments?post=643"}],"version-history":[{"count":17,"href":"https:\/\/www.danpoort.com\/de\/wp-json\/wp\/v2\/pages\/643\/revisions"}],"predecessor-version":[{"id":1429,"href":"https:\/\/www.danpoort.com\/de\/wp-json\/wp\/v2\/pages\/643\/revisions\/1429"}],"wp:attachment":[{"href":"https:\/\/www.danpoort.com\/de\/wp-json\/wp\/v2\/media?parent=643"}],"curies":[{"name":"wp","href":"https:\/\/api.w.org\/{rel}","templated":true}]}}