{"id":24,"date":"2021-11-15T08:01:49","date_gmt":"2021-11-15T07:01:49","guid":{"rendered":"http:\/\/danpoort.beeldvoerders.review\/?page_id=24"},"modified":"2026-02-18T10:56:07","modified_gmt":"2026-02-18T09:56:07","slug":"about-us","status":"publish","type":"page","link":"https:\/\/www.danpoort.com\/de\/ueber-uns\/","title":{"rendered":"\u00dcber uns"},"content":{"rendered":"<section id=\"section-1-42\" class=\"ct-section content-container\" ><div class=\"ct-section-inner-wrap\"><div id=\"_rich_text-2-42\" class=\"oxy-rich-text c-text-dark\" ><p><span style=\"font-family: verdana, geneva, sans-serif;\">That is Danpoort Abrasives &amp; Tapes. Past, present and future. We want to show you our passion. Why are we fascinated by abrasives? What do we find captivating and enthralling? Why do we, Danpoort, feel justified in claiming that we are unique in our dedication to sanding, grinding and polishing materials and the different applications for which these materials are used? We reveal the answers on this website about our company and our products. We want to tell you the story of our passion, our employees and our organisation. We also want to tell you about our tailor-made products, innovations, service-quality, and our solid dependability as a partner. Welcome to <a href=\"..\/en\/about-us\">Danpoort Abrasives &amp; Tapes.<\/a><\/span><\/p>\n<p>&nbsp;<\/p>\n<h3>Unsere Werte<\/h3>\n<p>Kundenservice ist eine unserer Hauptpriorit\u00e4ten. Bei Danpoort dreht sich alles um den Kunden. Danpoort hat eine flache Unternehmensstruktur mit kurzen Kommunikationswegen. Unser Ziel ist es, Fragen oder Beschwerden direkt zu beantworten. Dar\u00fcber hinaus sind die ben\u00f6tigten Informationen in unserem CRM-System leicht verf\u00fcgbar und nachvollziehbar. Den Kunden wird f\u00fcr maximalen Komfort ein dedizierter Ansprechpartner zugewiesen.<\/p>\n<p>&nbsp;<\/p>\n<h3>Unser Erbe&nbsp;<\/h3>\n<p>Danpoort wurde 1932 von Dani\u00ebl van der Poort gegr\u00fcndet. Im Laufe der Zeit expandierte das Gesch\u00e4ft in Rotterdam und wurde zu einem wichtigen industriellen Lieferanten von Schmirgel-, Schleif- und Poliermaterialien. Im Zweiten Weltkrieg wurde der Betrieb schwer besch\u00e4digt. Trotzdem konnte sich Danpoort nach der Wiederaufbauphase der Nachkriegszeit wieder stark auf dem Markt etablieren. 1984 zog das Unternehmen von Rotterdam nach Zwijndrecht, wo es bis heute ans\u00e4ssig ist.<\/p>\n<p>&nbsp;<\/p>\n<h3>Unsere Produktionsst\u00e4tte<\/h3>\n<p>Bei Danpoort wollen wir die volle Kontrolle \u00fcber alle operativen Prozesse innerhalb des Unternehmens. Wir \u00fcberwachen kontinuierlich Rohstoffe, Auftr\u00e4ge, Produktion, Finanzen, Personal- und Maschinenauslastung, Qualit\u00e4t und unsere Lieferzeiten. Wir analysieren regelm\u00e4\u00dfig unsere internen Prozesse und Leistungen. Dies gibt uns die volle Kontrolle \u00fcber unsere Organisation.<\/p>\n<p>Und erm\u00f6glicht es uns, Ihnen, unserem Kunden, ein H\u00f6chstma\u00df an Zuverl\u00e4ssigkeit zu garantieren.<\/p><\/div><\/div><\/section>","protected":false},"excerpt":{"rendered":"","protected":false},"author":1,"featured_media":471,"parent":0,"menu_order":11,"comment_status":"closed","ping_status":"closed","template":"","meta":{"_acf_changed":false,"_editorskit_title_hidden":false,"_editorskit_reading_time":0,"_editorskit_is_block_options_detached":false,"_editorskit_block_options_position":"{}","inline_featured_image":false,"footnotes":""},"class_list":["post-24","page","type-page","status-publish","has-post-thumbnail","hentry"],"acf":[],"_links":{"self":[{"href":"https:\/\/www.danpoort.com\/de\/wp-json\/wp\/v2\/pages\/24","targetHints":{"allow":["GET"]}}],"collection":[{"href":"https:\/\/www.danpoort.com\/de\/wp-json\/wp\/v2\/pages"}],"about":[{"href":"https:\/\/www.danpoort.com\/de\/wp-json\/wp\/v2\/types\/page"}],"author":[{"embeddable":true,"href":"https:\/\/www.danpoort.com\/de\/wp-json\/wp\/v2\/users\/1"}],"replies":[{"embeddable":true,"href":"https:\/\/www.danpoort.com\/de\/wp-json\/wp\/v2\/comments?post=24"}],"version-history":[{"count":28,"href":"https:\/\/www.danpoort.com\/de\/wp-json\/wp\/v2\/pages\/24\/revisions"}],"predecessor-version":[{"id":2088,"href":"https:\/\/www.danpoort.com\/de\/wp-json\/wp\/v2\/pages\/24\/revisions\/2088"}],"wp:featuredmedia":[{"embeddable":true,"href":"https:\/\/www.danpoort.com\/de\/wp-json\/wp\/v2\/media\/471"}],"wp:attachment":[{"href":"https:\/\/www.danpoort.com\/de\/wp-json\/wp\/v2\/media?parent=24"}],"curies":[{"name":"wp","href":"https:\/\/api.w.org\/{rel}","templated":true}]}}