{"id":21,"date":"2021-11-15T08:01:19","date_gmt":"2021-11-15T07:01:19","guid":{"rendered":"http:\/\/danpoort.beeldvoerders.review\/?page_id=21"},"modified":"2026-02-18T11:58:28","modified_gmt":"2026-02-18T10:58:28","slug":"brands","status":"publish","type":"page","link":"https:\/\/www.danpoort.com\/de\/marken\/","title":{"rendered":"Marken"},"content":{"rendered":"<div id=\"div_block-94-74\" class=\"ct-div-block\" ><h2 id=\"headline-30-74\" class=\"ct-headline c-h2 c-heading-dark c-margin-bottom-m\"><div><span style=\"font-weight: normal;\">Unsere Kompetenz<\/span><br><\/div>Unsere Marken<br><\/h2><div id=\"text_block-31-74\" class=\"ct-text-block c-text-m c-text-dark c-margin-bottom-m\" >Danpoort Abrasives &amp; Tapes is a leading European converter for abrasive grinding and polishing products.\nAs a one-stop-supplier for abrasive solutions we focus on an independent position in the international market where we fulfil the demand of our various customers. Over the last 90 years we build on a very strong partner network which give us the power to fulfil the requirements on every grinding\/polishing process.&nbsp;<div><br><\/div><div>Um mit kurzen Durchlaufzeiten auf den Markt reagieren zu k\u00f6nnen, handhaben wir ausreichende Lagerbest\u00e4nde der g\u00e4ngigsten Qualit\u00e4ten und K\u00f6rnungsgr\u00f6\u00dfen unserer verf\u00fcgbaren Materialien.<\/div><div><br><\/div><\/div><\/div>","protected":false},"excerpt":{"rendered":"","protected":false},"author":1,"featured_media":605,"parent":0,"menu_order":10,"comment_status":"closed","ping_status":"closed","template":"","meta":{"_acf_changed":false,"_editorskit_title_hidden":false,"_editorskit_reading_time":0,"_editorskit_is_block_options_detached":false,"_editorskit_block_options_position":"{}","inline_featured_image":false,"footnotes":""},"class_list":["post-21","page","type-page","status-publish","has-post-thumbnail","hentry"],"acf":[],"_links":{"self":[{"href":"https:\/\/www.danpoort.com\/de\/wp-json\/wp\/v2\/pages\/21","targetHints":{"allow":["GET"]}}],"collection":[{"href":"https:\/\/www.danpoort.com\/de\/wp-json\/wp\/v2\/pages"}],"about":[{"href":"https:\/\/www.danpoort.com\/de\/wp-json\/wp\/v2\/types\/page"}],"author":[{"embeddable":true,"href":"https:\/\/www.danpoort.com\/de\/wp-json\/wp\/v2\/users\/1"}],"replies":[{"embeddable":true,"href":"https:\/\/www.danpoort.com\/de\/wp-json\/wp\/v2\/comments?post=21"}],"version-history":[{"count":7,"href":"https:\/\/www.danpoort.com\/de\/wp-json\/wp\/v2\/pages\/21\/revisions"}],"predecessor-version":[{"id":2092,"href":"https:\/\/www.danpoort.com\/de\/wp-json\/wp\/v2\/pages\/21\/revisions\/2092"}],"wp:featuredmedia":[{"embeddable":true,"href":"https:\/\/www.danpoort.com\/de\/wp-json\/wp\/v2\/media\/605"}],"wp:attachment":[{"href":"https:\/\/www.danpoort.com\/de\/wp-json\/wp\/v2\/media?parent=21"}],"curies":[{"name":"wp","href":"https:\/\/api.w.org\/{rel}","templated":true}]}}