{"id":19,"date":"2021-11-15T08:00:53","date_gmt":"2021-11-15T07:00:53","guid":{"rendered":"http:\/\/danpoort.beeldvoerders.review\/?page_id=19"},"modified":"2022-11-01T16:14:34","modified_gmt":"2022-11-01T15:14:34","slug":"our-products","status":"publish","type":"page","link":"https:\/\/www.danpoort.com\/de\/produkt\/","title":{"rendered":"Produkte"},"content":{"rendered":"<div id=\"div_block-94-74\" class=\"ct-div-block\" ><h2 id=\"headline-30-74\" class=\"ct-headline c-h2 c-heading-dark c-margin-bottom-m\"><br>Unsere Schleifprodukte<br><\/h2><div id=\"text_block-31-74\" class=\"ct-text-block c-text-m c-text-dark c-margin-bottom-m\" >Danpoort International Abrasives ist das f\u00fchrende One-Stop-Unternehmen f\u00fcr die Verarbeitung von Schleifmitteln. Danpoort bietet Schleifb\u00e4nder, Scheiben, Bl\u00e4tter, Rollen und andere Schleifprodukte in einer Vielzahl von Gr\u00f6\u00dfen an.<\/div><\/div>","protected":false},"excerpt":{"rendered":"","protected":false},"author":1,"featured_media":0,"parent":0,"menu_order":8,"comment_status":"closed","ping_status":"closed","template":"","meta":{"_acf_changed":false,"_editorskit_title_hidden":false,"_editorskit_reading_time":0,"_editorskit_is_block_options_detached":false,"_editorskit_block_options_position":"{}","inline_featured_image":false,"footnotes":""},"class_list":["post-19","page","type-page","status-publish","hentry"],"acf":[],"_links":{"self":[{"href":"https:\/\/www.danpoort.com\/de\/wp-json\/wp\/v2\/pages\/19","targetHints":{"allow":["GET"]}}],"collection":[{"href":"https:\/\/www.danpoort.com\/de\/wp-json\/wp\/v2\/pages"}],"about":[{"href":"https:\/\/www.danpoort.com\/de\/wp-json\/wp\/v2\/types\/page"}],"author":[{"embeddable":true,"href":"https:\/\/www.danpoort.com\/de\/wp-json\/wp\/v2\/users\/1"}],"replies":[{"embeddable":true,"href":"https:\/\/www.danpoort.com\/de\/wp-json\/wp\/v2\/comments?post=19"}],"version-history":[{"count":12,"href":"https:\/\/www.danpoort.com\/de\/wp-json\/wp\/v2\/pages\/19\/revisions"}],"predecessor-version":[{"id":1178,"href":"https:\/\/www.danpoort.com\/de\/wp-json\/wp\/v2\/pages\/19\/revisions\/1178"}],"wp:attachment":[{"href":"https:\/\/www.danpoort.com\/de\/wp-json\/wp\/v2\/media?parent=19"}],"curies":[{"name":"wp","href":"https:\/\/api.w.org\/{rel}","templated":true}]}}