{"id":184,"date":"2022-02-07T14:20:06","date_gmt":"2022-02-07T13:20:06","guid":{"rendered":"https:\/\/danpoort.beeldvoerders.review\/?page_id=184"},"modified":"2026-02-18T12:23:47","modified_gmt":"2026-02-18T11:23:47","slug":"other-abrasives","status":"publish","type":"page","link":"https:\/\/www.danpoort.com\/de\/sonstige-schleifmittel\/","title":{"rendered":"Extra Schleifmittel"},"content":{"rendered":"<div id=\"div_block-94-74\" class=\"ct-div-block\" ><h2 id=\"headline-30-74\" class=\"ct-headline c-h2 c-heading-dark c-margin-bottom-m\"><span style=\"font-weight: normal;\">Unsere Produkte<\/span>&nbsp;<div>Extra Schleifmittel<br><\/div><\/h2><div id=\"text_block-31-74\" class=\"ct-text-block c-text-m c-text-dark c-margin-bottom-m\" >Neben unserem starken Portfolio an Schleifb\u00e4ndern und -scheiben bieten wir eine gro\u00dfe Auswahl an anderen Schleifmitteln wie Rollen, Platten, Schw\u00e4mme, technische B\u00fcrsten, Pads, Industriewerkzeuge, Industriefilze, Klebeb\u00e4nder, Klebstoffe usw. an.<div><br><\/div><\/div><\/div>","protected":false},"excerpt":{"rendered":"","protected":false},"author":1,"featured_media":473,"parent":0,"menu_order":5,"comment_status":"closed","ping_status":"closed","template":"","meta":{"_acf_changed":false,"_editorskit_title_hidden":false,"_editorskit_reading_time":1,"_editorskit_is_block_options_detached":false,"_editorskit_block_options_position":"{}","inline_featured_image":false,"footnotes":""},"class_list":["post-184","page","type-page","status-publish","has-post-thumbnail","hentry"],"acf":[],"_links":{"self":[{"href":"https:\/\/www.danpoort.com\/de\/wp-json\/wp\/v2\/pages\/184","targetHints":{"allow":["GET"]}}],"collection":[{"href":"https:\/\/www.danpoort.com\/de\/wp-json\/wp\/v2\/pages"}],"about":[{"href":"https:\/\/www.danpoort.com\/de\/wp-json\/wp\/v2\/types\/page"}],"author":[{"embeddable":true,"href":"https:\/\/www.danpoort.com\/de\/wp-json\/wp\/v2\/users\/1"}],"replies":[{"embeddable":true,"href":"https:\/\/www.danpoort.com\/de\/wp-json\/wp\/v2\/comments?post=184"}],"version-history":[{"count":7,"href":"https:\/\/www.danpoort.com\/de\/wp-json\/wp\/v2\/pages\/184\/revisions"}],"predecessor-version":[{"id":2098,"href":"https:\/\/www.danpoort.com\/de\/wp-json\/wp\/v2\/pages\/184\/revisions\/2098"}],"wp:featuredmedia":[{"embeddable":true,"href":"https:\/\/www.danpoort.com\/de\/wp-json\/wp\/v2\/media\/473"}],"wp:attachment":[{"href":"https:\/\/www.danpoort.com\/de\/wp-json\/wp\/v2\/media?parent=184"}],"curies":[{"name":"wp","href":"https:\/\/api.w.org\/{rel}","templated":true}]}}