{"id":182,"date":"2022-02-07T13:34:30","date_gmt":"2022-02-07T12:34:30","guid":{"rendered":"https:\/\/danpoort.beeldvoerders.review\/?page_id=182"},"modified":"2026-02-18T12:19:57","modified_gmt":"2026-02-18T11:19:57","slug":"abrasive-discs-2","status":"publish","type":"page","link":"https:\/\/www.danpoort.com\/de\/schleif-scheiben\/","title":{"rendered":"Schleifscheiben"},"content":{"rendered":"<div id=\"div_block-94-74\" class=\"ct-div-block\" ><h2 id=\"headline-30-74\" class=\"ct-headline c-h2 c-heading-dark c-margin-bottom-m\"><span style=\"font-weight: normal;\">Unsere Produkte&nbsp;<\/span><div>Schleifscheiben<br><\/div><\/h2><div id=\"text_block-31-74\" class=\"ct-text-block c-text-m c-text-dark c-margin-bottom-m\" >Danpoort bietet eine gro\u00dfe Auswahl an Schleifscheiben f\u00fcr das Trockenschleifen vieler Oberfl\u00e4chen, bei denen die Oberfl\u00e4chenqualit\u00e4t oberste Priorit\u00e4t hat. Die Wahl des Tr\u00e4gertyps und der Befestigungsart gibt in der Regel vor, welches Produkt am besten f\u00fcr die jeweilige Anwendung geeignet ist. Wir bieten ein umfangreiches Portfolio verschiedener Marken, darunter 3M\u2122, VSM, Norton, Hermes, Starcke und Klingspor.<\/div><\/div>","protected":false},"excerpt":{"rendered":"","protected":false},"author":1,"featured_media":477,"parent":0,"menu_order":4,"comment_status":"closed","ping_status":"closed","template":"","meta":{"_acf_changed":false,"_editorskit_title_hidden":false,"_editorskit_reading_time":1,"_editorskit_is_block_options_detached":false,"_editorskit_block_options_position":"{}","inline_featured_image":false,"footnotes":""},"class_list":["post-182","page","type-page","status-publish","has-post-thumbnail","hentry"],"acf":[],"_links":{"self":[{"href":"https:\/\/www.danpoort.com\/de\/wp-json\/wp\/v2\/pages\/182","targetHints":{"allow":["GET"]}}],"collection":[{"href":"https:\/\/www.danpoort.com\/de\/wp-json\/wp\/v2\/pages"}],"about":[{"href":"https:\/\/www.danpoort.com\/de\/wp-json\/wp\/v2\/types\/page"}],"author":[{"embeddable":true,"href":"https:\/\/www.danpoort.com\/de\/wp-json\/wp\/v2\/users\/1"}],"replies":[{"embeddable":true,"href":"https:\/\/www.danpoort.com\/de\/wp-json\/wp\/v2\/comments?post=182"}],"version-history":[{"count":13,"href":"https:\/\/www.danpoort.com\/de\/wp-json\/wp\/v2\/pages\/182\/revisions"}],"predecessor-version":[{"id":2096,"href":"https:\/\/www.danpoort.com\/de\/wp-json\/wp\/v2\/pages\/182\/revisions\/2096"}],"wp:featuredmedia":[{"embeddable":true,"href":"https:\/\/www.danpoort.com\/de\/wp-json\/wp\/v2\/media\/477"}],"wp:attachment":[{"href":"https:\/\/www.danpoort.com\/de\/wp-json\/wp\/v2\/media?parent=182"}],"curies":[{"name":"wp","href":"https:\/\/api.w.org\/{rel}","templated":true}]}}