{"id":177,"date":"2022-02-07T13:25:29","date_gmt":"2022-02-07T12:25:29","guid":{"rendered":"https:\/\/danpoort.beeldvoerders.review\/?page_id=177"},"modified":"2022-12-12T11:29:24","modified_gmt":"2022-12-12T10:29:24","slug":"sanding-belts","status":"publish","type":"page","link":"https:\/\/www.danpoort.com\/de\/schleifbaender\/","title":{"rendered":"Schleifb\u00e4nder"},"content":{"rendered":"<div id=\"div_block-94-74\" class=\"ct-div-block\" ><h2 id=\"headline-30-74\" class=\"ct-headline c-h2 c-heading-dark c-margin-bottom-m\"><span style=\"font-weight: normal;\">Unsere Produkte<\/span><br>Schleifb\u00e4nder<br><\/h2><div id=\"text_block-31-74\" class=\"ct-text-block c-text-m c-text-dark c-margin-bottom-m\" >Danpoort produziert B\u00e4nder von Feilenb\u00e4ndern bis zu (segmentierten) breiten B\u00e4ndern und von Schleifh\u00fclsen bis zu langen B\u00e4ndern. Wir liefern B\u00e4nder auf Stoff-, Papier- und Vliesunterlage, die sich zum Egalisieren von Schwei\u00dfn\u00e4hten, Entgraten, Schleifen von Gussteilen, Ausschleifen von Fehlern und f\u00fcr ein perfektes Finish eignen. Wir bieten eine breite Palette verschiedener Marken, darunter 3M\u2122, VSM, Norton, Hermes, Starcke und Klingspor. <div><br><\/div><\/div><\/div>","protected":false},"excerpt":{"rendered":"","protected":false},"author":1,"featured_media":471,"parent":0,"menu_order":7,"comment_status":"closed","ping_status":"closed","template":"","meta":{"_acf_changed":false,"_editorskit_title_hidden":false,"_editorskit_reading_time":1,"_editorskit_is_block_options_detached":false,"_editorskit_block_options_position":"{}","inline_featured_image":false,"footnotes":""},"class_list":["post-177","page","type-page","status-publish","has-post-thumbnail","hentry"],"acf":[],"_links":{"self":[{"href":"https:\/\/www.danpoort.com\/de\/wp-json\/wp\/v2\/pages\/177","targetHints":{"allow":["GET"]}}],"collection":[{"href":"https:\/\/www.danpoort.com\/de\/wp-json\/wp\/v2\/pages"}],"about":[{"href":"https:\/\/www.danpoort.com\/de\/wp-json\/wp\/v2\/types\/page"}],"author":[{"embeddable":true,"href":"https:\/\/www.danpoort.com\/de\/wp-json\/wp\/v2\/users\/1"}],"replies":[{"embeddable":true,"href":"https:\/\/www.danpoort.com\/de\/wp-json\/wp\/v2\/comments?post=177"}],"version-history":[{"count":32,"href":"https:\/\/www.danpoort.com\/de\/wp-json\/wp\/v2\/pages\/177\/revisions"}],"predecessor-version":[{"id":1586,"href":"https:\/\/www.danpoort.com\/de\/wp-json\/wp\/v2\/pages\/177\/revisions\/1586"}],"wp:featuredmedia":[{"embeddable":true,"href":"https:\/\/www.danpoort.com\/de\/wp-json\/wp\/v2\/media\/471"}],"wp:attachment":[{"href":"https:\/\/www.danpoort.com\/de\/wp-json\/wp\/v2\/media?parent=177"}],"curies":[{"name":"wp","href":"https:\/\/api.w.org\/{rel}","templated":true}]}}